{"id":5440,"date":"2026-04-03T02:10:29","date_gmt":"2026-04-03T02:10:29","guid":{"rendered":"https:\/\/www.armound.com\/?product=set-veglash-proove-fixer-150-ne-1-crv-i-zi"},"modified":"2026-04-03T02:11:41","modified_gmt":"2026-04-03T02:11:41","slug":"set-veglash-proove-fixer-150-ne-1-crv-i-zi","status":"publish","type":"product","link":"https:\/\/www.armound.com\/?product=set-veglash-proove-fixer-150-ne-1-crv-i-zi","title":{"rendered":"Set veglash Proove Fixer, 150 n\u00eb 1, CRV, i zi"},"content":{"rendered":"<p>P\u00ebrshkrimi<br \/>\nProove Fixer 150 n\u00eb 1 \u00ebsht\u00eb set multifunksional veglash i projektuar p\u00ebr mir\u00ebmbajtje dhe riparime t\u00eb ndryshme n\u00eb sht\u00ebpi, zyr\u00eb apo automjet. P\u00ebrfshin 150 pjes\u00eb t\u00eb organizuara n\u00eb kuti kompakte, t\u00eb fiksuara n\u00eb m\u00ebnyr\u00eb t\u00eb sigurt p\u00ebr qasje t\u00eb leht\u00eb. Ideal p\u00ebr pun\u00eb precize n\u00eb pajisje elektronike, mobilje dhe aksesor\u00eb t\u00eb tjer\u00eb.<\/p>\n<p>Specifikimet Kryesore<br \/>\nParametri\tDetajet<br \/>\nModeli\tProove Fixer 150 n\u00eb 1<br \/>\nID Produkti\tMTSF15000001<br \/>\nNumri i pjes\u00ebve\t150<br \/>\nMateriali i biteve\t\u00c7elik krom-vanadium (CRV)<br \/>\nMadh\u00ebsia e biteve\tC4 \u00d7 L28 mm, C3 \u00d7 L35 mm<br \/>\nMateriali i kutis\u00eb\tPlastik\u00eb ABS<br \/>\nDimensionet\t153 \u00d7 105 \u00d7 52 mm<br \/>\nPesha\t602 g<br \/>\nNgjyra\tE zez\u00eb<br \/>\nKarakteristikat Kryesore<br \/>\n150 vegla t\u00eb ndryshme p\u00ebr pun\u00eb precize dhe riparime t\u00eb p\u00ebrgjithshme<\/p>\n<p>P\u00ebrfshin ka\u00e7avid\u00eb me bite t\u00eb nd\u00ebrrueshme, pinca, thith\u00ebse (suction cup), gjilp\u00ebr\u00eb p\u00ebr SIM dhe aksesor\u00eb t\u00eb tjer\u00eb<\/p>\n<p>Bite prej \u00e7eliku CRV p\u00ebr rezistenc\u00eb dhe jet\u00ebgjat\u00ebsi t\u00eb lart\u00eb<\/p>\n<p>Kuti ABS rezistente ndaj goditjeve, lag\u00ebshtis\u00eb dhe temperaturave ekstreme<\/p>\n<p>Organizim i brendsh\u00ebm q\u00eb lejon p\u00ebrdorim me nj\u00eb dor\u00eb<\/p>\n<p>I p\u00ebrshtatsh\u00ebm p\u00ebr riparim pajisjesh elektronike, mobilje, dritare, pajisje sht\u00ebpiake dhe automjete<\/p>\n","protected":false},"excerpt":{"rendered":"<p>P\u00ebrshkrimi Proove Fixer 150 n\u00eb 1 \u00ebsht\u00eb set multifunksional veglash i projektuar p\u00ebr mir\u00ebmbajtje dhe riparime t\u00eb ndryshme n\u00eb sht\u00ebpi, zyr\u00eb apo automjet. P\u00ebrfshin 150 pjes\u00eb t\u00eb organizuara n\u00eb kuti<\/p>\n","protected":false},"featured_media":5435,"comment_status":"open","ping_status":"closed","template":"","meta":{"_acf_changed":false},"product_brand":[],"product_cat":[44,15],"product_tag":[],"class_list":{"0":"post-5440","1":"product","2":"type-product","3":"status-publish","4":"has-post-thumbnail","6":"product_cat-accessories","7":"product_cat-uncategorized","9":"first","10":"instock","11":"sale","12":"shipping-taxable","13":"purchasable","14":"product-type-simple"},"acf":[],"_links":{"self":[{"href":"https:\/\/www.armound.com\/index.php?rest_route=\/wp\/v2\/product\/5440","targetHints":{"allow":["GET"]}}],"collection":[{"href":"https:\/\/www.armound.com\/index.php?rest_route=\/wp\/v2\/product"}],"about":[{"href":"https:\/\/www.armound.com\/index.php?rest_route=\/wp\/v2\/types\/product"}],"replies":[{"embeddable":true,"href":"https:\/\/www.armound.com\/index.php?rest_route=%2Fwp%2Fv2%2Fcomments&post=5440"}],"wp:featuredmedia":[{"embeddable":true,"href":"https:\/\/www.armound.com\/index.php?rest_route=\/wp\/v2\/media\/5435"}],"wp:attachment":[{"href":"https:\/\/www.armound.com\/index.php?rest_route=%2Fwp%2Fv2%2Fmedia&parent=5440"}],"wp:term":[{"taxonomy":"product_brand","embeddable":true,"href":"https:\/\/www.armound.com\/index.php?rest_route=%2Fwp%2Fv2%2Fproduct_brand&post=5440"},{"taxonomy":"product_cat","embeddable":true,"href":"https:\/\/www.armound.com\/index.php?rest_route=%2Fwp%2Fv2%2Fproduct_cat&post=5440"},{"taxonomy":"product_tag","embeddable":true,"href":"https:\/\/www.armound.com\/index.php?rest_route=%2Fwp%2Fv2%2Fproduct_tag&post=5440"}],"curies":[{"name":"wp","href":"https:\/\/api.w.org\/{rel}","templated":true}]}}