{"id":5476,"date":"2026-04-08T19:48:45","date_gmt":"2026-04-08T19:48:45","guid":{"rendered":"https:\/\/www.armound.com\/?product=samsung-samsung-galaxy-%d1%82%d0%b0%d0%b2-%d0%b011-4-64gb"},"modified":"2026-04-08T19:49:24","modified_gmt":"2026-04-08T19:49:24","slug":"samsung-samsung-galaxy-%d1%82%d0%b0%d0%b2-%d0%b011-4-64gb","status":"publish","type":"product","link":"https:\/\/www.armound.com\/?product=samsung-samsung-galaxy-%d1%82%d0%b0%d0%b2-%d0%b011-4-64gb","title":{"rendered":"SAMSUNG SAMSUNG GALAXY \u0422\u0410\u0412 \u041011 4\/64GB"},"content":{"rendered":"<p>Samsung Galaxy Tab A11 (4GB RAM \/ 64GB) \u00ebsht\u00eb nj\u00eb tablet modern dhe i besuesh\u00ebm, i dizajnuar p\u00ebr p\u00ebrdorim t\u00eb p\u00ebrditsh\u00ebm, duke kombinuar dizajn elegant me performanc\u00eb solide.<\/p>\n<p>I pajisur me nj\u00eb ekran t\u00eb madh dhe t\u00eb qart\u00eb, ky tablet ofron p\u00ebrvoj\u00eb t\u00eb k\u00ebndshme gjat\u00eb shikimit t\u00eb filmave, shfletimit n\u00eb internet apo p\u00ebrdorimit t\u00eb aplikacioneve. Fal\u00eb 4 GB RAM, mund\u00ebson multitasking t\u00eb qet\u00eb, nd\u00ebrsa memoria e brendshme prej 64 GB ofron hap\u00ebsir\u00eb t\u00eb mjaftueshme p\u00ebr aplikacione, foto dhe dokumente, me mund\u00ebsi zgjerimi p\u00ebrmes kart\u00ebs microSD.<\/p>\n<p>Samsung Galaxy Tab A11 funksionon me nj\u00eb sistem operativ t\u00eb optimizuar q\u00eb siguron performanc\u00eb t\u00eb q\u00ebndrueshme dhe p\u00ebrdorim intuitiv. Bateria afatgjat\u00eb mund\u00ebson p\u00ebrdorim p\u00ebr or\u00eb t\u00eb t\u00ebra pa pasur nevoj\u00eb p\u00ebr karikim t\u00eb shpesht\u00eb, duke e b\u00ebr\u00eb ideal p\u00ebr pun\u00eb, shkoll\u00eb apo arg\u00ebtim n\u00eb l\u00ebvizje.<\/p>\n<p>Tableti vjen me kamera cil\u00ebsore p\u00ebr fotografi bazike dhe video thirrje, nd\u00ebrsa dizajni i tij i holl\u00eb dhe i leht\u00eb e b\u00ebn t\u00eb leht\u00eb p\u00ebr transport dhe p\u00ebrdorim kudo.<\/p>\n<p>Karakteristikat kryesore:<\/p>\n<p>4 GB RAM \/ 64 GB memorie e brendshme<\/p>\n<p>Ekran i madh dhe i qart\u00eb<\/p>\n<p>Bateri me jet\u00ebgjat\u00ebsi t\u00eb lart\u00eb<\/p>\n<p>Mund\u00ebsi zgjerimi t\u00eb memories<\/p>\n<p>Dizajn i holl\u00eb dhe modern<\/p>\n<p>Cil\u00ebsi e garantuar Samsung<\/p>\n<p>Samsung Galaxy Tab A11 \u00ebsht\u00eb zgjedhje ideale p\u00ebr p\u00ebrdoruesit q\u00eb k\u00ebrkojn\u00eb balanc\u00eb mes performanc\u00ebs, funksionalitetit dhe \u00e7mimit t\u00eb p\u00ebrballuesh\u00ebm.<\/p>\n","protected":false},"excerpt":{"rendered":"<p>Samsung Galaxy Tab A11 (4GB RAM \/ 64GB) \u00ebsht\u00eb nj\u00eb tablet modern dhe i besuesh\u00ebm, i dizajnuar p\u00ebr p\u00ebrdorim t\u00eb p\u00ebrditsh\u00ebm, duke kombinuar dizajn elegant me performanc\u00eb solide. I pajisur<\/p>\n","protected":false},"featured_media":5473,"comment_status":"open","ping_status":"closed","template":"","meta":{"_acf_changed":false},"product_brand":[],"product_cat":[127,15],"product_tag":[],"class_list":{"0":"post-5476","1":"product","2":"type-product","3":"status-publish","4":"has-post-thumbnail","6":"product_cat-tablets","7":"product_cat-uncategorized","9":"first","10":"instock","11":"sale","12":"shipping-taxable","13":"purchasable","14":"product-type-simple"},"acf":[],"_links":{"self":[{"href":"https:\/\/www.armound.com\/index.php?rest_route=\/wp\/v2\/product\/5476","targetHints":{"allow":["GET"]}}],"collection":[{"href":"https:\/\/www.armound.com\/index.php?rest_route=\/wp\/v2\/product"}],"about":[{"href":"https:\/\/www.armound.com\/index.php?rest_route=\/wp\/v2\/types\/product"}],"replies":[{"embeddable":true,"href":"https:\/\/www.armound.com\/index.php?rest_route=%2Fwp%2Fv2%2Fcomments&post=5476"}],"wp:featuredmedia":[{"embeddable":true,"href":"https:\/\/www.armound.com\/index.php?rest_route=\/wp\/v2\/media\/5473"}],"wp:attachment":[{"href":"https:\/\/www.armound.com\/index.php?rest_route=%2Fwp%2Fv2%2Fmedia&parent=5476"}],"wp:term":[{"taxonomy":"product_brand","embeddable":true,"href":"https:\/\/www.armound.com\/index.php?rest_route=%2Fwp%2Fv2%2Fproduct_brand&post=5476"},{"taxonomy":"product_cat","embeddable":true,"href":"https:\/\/www.armound.com\/index.php?rest_route=%2Fwp%2Fv2%2Fproduct_cat&post=5476"},{"taxonomy":"product_tag","embeddable":true,"href":"https:\/\/www.armound.com\/index.php?rest_route=%2Fwp%2Fv2%2Fproduct_tag&post=5476"}],"curies":[{"name":"wp","href":"https:\/\/api.w.org\/{rel}","templated":true}]}}