{"id":5527,"date":"2026-04-16T22:12:53","date_gmt":"2026-04-16T22:12:53","guid":{"rendered":"https:\/\/www.armound.com\/?product=epson-eco-tank-et-1810"},"modified":"2026-04-16T22:27:40","modified_gmt":"2026-04-16T22:27:40","slug":"epson-eco-tank-et-1810","status":"publish","type":"product","link":"https:\/\/www.armound.com\/?product=epson-eco-tank-et-1810","title":{"rendered":"Epson Eco Tank ET-1810"},"content":{"rendered":"<p>Epson EcoTank ET-1810 \u2013 Printer me Teknologji Ekonomike dhe Cil\u00ebsi t\u00eb Lart\u00eb<br \/>\nEpson EcoTank ET-1810 \u00ebsht\u00eb zgjidhja ideale p\u00ebr p\u00ebrdoruesit q\u00eb k\u00ebrkojn\u00eb printim me kosto t\u00eb ul\u00ebt dhe performanc\u00eb t\u00eb besueshme. Fal\u00eb sistemit inovativ t\u00eb rezervuar\u00ebve t\u00eb boj\u00ebs (EcoTank), ky printer eliminon nevoj\u00ebn p\u00ebr karta tradicionale dhe ofron kursime t\u00eb konsiderueshme n\u00eb afatgjat\u00eb.<br \/>\nKarakteristikat kryesore:<br \/>\nTeknologji EcoTank: Rezervuar\u00eb t\u00eb rimbushsh\u00ebm q\u00eb mund\u00ebsojn\u00eb mij\u00ebra faqe printimi me nj\u00eb mbushje t\u00eb vetme.<br \/>\nPrintim me cil\u00ebsi t\u00eb lart\u00eb: Jep rezultate t\u00eb qarta dhe t\u00eb detajuara, ideale p\u00ebr dokumente dhe fotografi.<br \/>\nKosto shum\u00eb e ul\u00ebt p\u00ebr faqe: Kurseni deri n\u00eb 90% n\u00eb krahasim me printer\u00ebt tradicional\u00eb me karta.<br \/>\nDizajn kompakt dhe modern: P\u00ebrshtatet leht\u00eb n\u00eb \u00e7do ambient pune apo sht\u00ebpi.<br \/>\nLidhje USB: P\u00ebrdorim i thjesht\u00eb dhe i drejtp\u00ebrdrejt\u00eb me pajisjen tuaj.<br \/>\nPse t\u00eb zgjidhni Epson ET-1810?<br \/>\nKy printer \u00ebsht\u00eb perfekt p\u00ebr p\u00ebrdorim sht\u00ebpiak ose zyra t\u00eb vogla q\u00eb kan\u00eb nevoj\u00eb p\u00ebr printim t\u00eb rregullt dhe ekonomik pa kompromis n\u00eb cil\u00ebsi. Me mir\u00ebmbajtje t\u00eb ul\u00ebt dhe mbushje t\u00eb leht\u00eb t\u00eb boj\u00ebs, Epson ET-1810 ju kursen koh\u00eb dhe para.<\/p>\n","protected":false},"excerpt":{"rendered":"<p>Epson EcoTank ET-1810 \u2013 Printer me Teknologji Ekonomike dhe Cil\u00ebsi t\u00eb Lart\u00eb Epson EcoTank ET-1810 \u00ebsht\u00eb zgjidhja ideale p\u00ebr p\u00ebrdoruesit q\u00eb k\u00ebrkojn\u00eb printim me kosto t\u00eb ul\u00ebt dhe performanc\u00eb t\u00eb<\/p>\n","protected":false},"featured_media":5526,"comment_status":"open","ping_status":"closed","template":"","meta":{"_acf_changed":false},"product_brand":[],"product_cat":[187,105],"product_tag":[],"class_list":{"0":"post-5527","1":"product","2":"type-product","3":"status-publish","4":"has-post-thumbnail","6":"product_cat-printers","7":"product_cat-printers-ink","9":"first","10":"instock","11":"sale","12":"shipping-taxable","13":"purchasable","14":"product-type-simple"},"acf":[],"_links":{"self":[{"href":"https:\/\/www.armound.com\/index.php?rest_route=\/wp\/v2\/product\/5527","targetHints":{"allow":["GET"]}}],"collection":[{"href":"https:\/\/www.armound.com\/index.php?rest_route=\/wp\/v2\/product"}],"about":[{"href":"https:\/\/www.armound.com\/index.php?rest_route=\/wp\/v2\/types\/product"}],"replies":[{"embeddable":true,"href":"https:\/\/www.armound.com\/index.php?rest_route=%2Fwp%2Fv2%2Fcomments&post=5527"}],"wp:featuredmedia":[{"embeddable":true,"href":"https:\/\/www.armound.com\/index.php?rest_route=\/wp\/v2\/media\/5526"}],"wp:attachment":[{"href":"https:\/\/www.armound.com\/index.php?rest_route=%2Fwp%2Fv2%2Fmedia&parent=5527"}],"wp:term":[{"taxonomy":"product_brand","embeddable":true,"href":"https:\/\/www.armound.com\/index.php?rest_route=%2Fwp%2Fv2%2Fproduct_brand&post=5527"},{"taxonomy":"product_cat","embeddable":true,"href":"https:\/\/www.armound.com\/index.php?rest_route=%2Fwp%2Fv2%2Fproduct_cat&post=5527"},{"taxonomy":"product_tag","embeddable":true,"href":"https:\/\/www.armound.com\/index.php?rest_route=%2Fwp%2Fv2%2Fproduct_tag&post=5527"}],"curies":[{"name":"wp","href":"https:\/\/api.w.org\/{rel}","templated":true}]}}